{"id":3311,"date":"2014-11-20T05:53:18","date_gmt":"2014-11-20T03:53:18","guid":{"rendered":"https:\/\/www.serpilindunyasikres.com\/en\/?page_id=3311"},"modified":"2020-08-30T13:10:07","modified_gmt":"2020-08-30T10:10:07","slug":"iletisim","status":"publish","type":"page","link":"https:\/\/www.serpilindunyasikres.com\/en\/iletisim\/","title":{"rendered":"\u0130leti\u015fim"},"content":{"rendered":"<div  class=\"ivan-custom-wrapper theme_default row-no-custom-ptop \"  style=\"\"><div class=\"vc_row wpb_row vc_row-fluid vc_custom_1449571248413\">\n\t<div class=\"vc_col-sm-8 wpb_column vc_column_container  vc_custom_1449320110496\"  data-wow-delay=\"0ms\" data-wow-iteration=\"1\" >\n\t\t<div class=\"wpb_wrapper\">\n\t\t\t\n\t<div class=\"wpb_text_column wpb_content_element  vc_1449570991327 \">\n\t\t<div class=\"wpb_wrapper\">\n\t\t\t<h6>Telefon : 0324 325 11 92&nbsp;<br \/>\nE-posta: info@serpilindunyasikres.com<br \/>\nAdres: Palmiye Mah. 1221 Sok. No:17 33110 Yeni\u015fehir MERS\u0130N<\/h6>\n\n\t\t<\/div>\n\t<\/div>\n<div class=\"wpb_gmaps_widget wpb_content_element\">\n\t<div class=\"wpb_wrapper\">\n\t<div class=\"wpb_map_wraper\">\n\t\t<iframe src=\"https:\/\/www.google.com\/maps\/embed?pb=!1m18!1m12!1m3!1d3195.3879012952502!2d34.60457661554078!3d36.78524897624033!2m3!1f0!2f0!3f0!3m2!1i1024!2i768!4f13.1!3m3!1m2!1s0x1527f35ce9c50939%3A0x9549e9996c77b552!2zU2VycGlsaW4gRMO8bnlhc8SxIEtyZcWfIFZlIEfDvG5kw7x6IEJha8SxbSBFdmk!5e0!3m2!1str!2s!4v1444900161773\" width=\"100%\" height=\"450\" frameborder=\"0\" style=\"border:0\" allowfullscreen><\/iframe>\t<\/div>\n\t<\/div>\n\t<\/div>\n\t\t<\/div> <!-- END .wpb_wrapper -->\n\t<\/div> <!-- END  wpb_column vc_column_container  -->\n\n\t<div class=\"vc_col-sm-4 iletisim wpb_column vc_column_container \"  data-wow-delay=\"0ms\" data-wow-iteration=\"1\" >\n\t\t<div class=\"wpb_wrapper\">\n\t\t\t<h4 style=\"font-size: 2.2em;text-align: left\" class=\"vc_custom_heading\">Bize mesaj g\u00f6nderin.<\/h4><div role=\"form\" class=\"wpcf7\" id=\"wpcf7-f3288-o1\" lang=\"tr-TR\" dir=\"ltr\">\n<div class=\"screen-reader-response\"><p role=\"status\" aria-live=\"polite\" aria-atomic=\"true\"><\/p> <ul><\/ul><\/div>\n<form action=\"\/en\/wp-json\/wp\/v2\/pages\/3311#wpcf7-f3288-o1\" method=\"post\" class=\"wpcf7-form init\" novalidate=\"novalidate\" data-status=\"init\">\n<div style=\"display: none;\">\n<input type=\"hidden\" name=\"_wpcf7\" value=\"3288\" \/>\n<input type=\"hidden\" name=\"_wpcf7_version\" value=\"5.3\" \/>\n<input type=\"hidden\" name=\"_wpcf7_locale\" value=\"tr_TR\" \/>\n<input type=\"hidden\" name=\"_wpcf7_unit_tag\" value=\"wpcf7-f3288-o1\" \/>\n<input type=\"hidden\" name=\"_wpcf7_container_post\" value=\"0\" \/>\n<input type=\"hidden\" name=\"_wpcf7_posted_data_hash\" value=\"\" \/>\n<\/div>\n<p>Ad\u0131n\u0131z (gerekli)<br \/>\n    <span class=\"wpcf7-form-control-wrap your-name\"><input type=\"text\" name=\"your-name\" value=\"\" size=\"40\" class=\"wpcf7-form-control wpcf7-text wpcf7-validates-as-required\" aria-required=\"true\" aria-invalid=\"false\" \/><\/span> <\/p>\n<p>Epostan\u0131z (gerekli)<br \/>\n    <span class=\"wpcf7-form-control-wrap your-email\"><input type=\"email\" name=\"your-email\" value=\"\" size=\"40\" class=\"wpcf7-form-control wpcf7-text wpcf7-email wpcf7-validates-as-required wpcf7-validates-as-email\" aria-required=\"true\" aria-invalid=\"false\" \/><\/span> <\/p>\n<p>\u0130letiniz<br \/>\n    <span class=\"wpcf7-form-control-wrap your-message\"><textarea name=\"your-message\" cols=\"40\" rows=\"10\" class=\"wpcf7-form-control wpcf7-textarea\" aria-invalid=\"false\"><\/textarea><\/span> <\/p>\n<p><input type=\"submit\" value=\"G\u00f6nder\" class=\"wpcf7-form-control wpcf7-submit\" \/><\/p>\n<div class=\"wpcf7-response-output\" aria-hidden=\"true\"><\/div><\/form><\/div>\n\t\t<\/div> <!-- END .wpb_wrapper -->\n\t<\/div> <!-- END  iletisim wpb_column vc_column_container  -->\n<\/div><\/div>\n","protected":false},"excerpt":{"rendered":"Telefon : 0324 325 11 92&nbsp; E-posta: info@serpilindunyasikres.com Adres: Palmiye Mah. 1221 Sok. No:17 33110 Yeni\u015fehir MERS\u0130N Bize mesaj g\u00f6nderin. Ad\u0131n\u0131z (gerekli) Epostan\u0131z (gerekli) \u0130letiniz","protected":false},"author":1,"featured_media":0,"parent":0,"menu_order":0,"comment_status":"open","ping_status":"closed","template":"","meta":{"ngg_post_thumbnail":0},"_links":{"self":[{"href":"https:\/\/www.serpilindunyasikres.com\/en\/wp-json\/wp\/v2\/pages\/3311"}],"collection":[{"href":"https:\/\/www.serpilindunyasikres.com\/en\/wp-json\/wp\/v2\/pages"}],"about":[{"href":"https:\/\/www.serpilindunyasikres.com\/en\/wp-json\/wp\/v2\/types\/page"}],"author":[{"embeddable":true,"href":"https:\/\/www.serpilindunyasikres.com\/en\/wp-json\/wp\/v2\/users\/1"}],"replies":[{"embeddable":true,"href":"https:\/\/www.serpilindunyasikres.com\/en\/wp-json\/wp\/v2\/comments?post=3311"}],"version-history":[{"count":5,"href":"https:\/\/www.serpilindunyasikres.com\/en\/wp-json\/wp\/v2\/pages\/3311\/revisions"}],"predecessor-version":[{"id":6388,"href":"https:\/\/www.serpilindunyasikres.com\/en\/wp-json\/wp\/v2\/pages\/3311\/revisions\/6388"}],"wp:attachment":[{"href":"https:\/\/www.serpilindunyasikres.com\/en\/wp-json\/wp\/v2\/media?parent=3311"}],"curies":[{"name":"wp","href":"https:\/\/api.w.org\/{rel}","templated":true}]}}